{"id":34,"date":"2017-07-07T11:07:17","date_gmt":"2017-07-07T11:07:17","guid":{"rendered":"http:\/\/www.zenerconsulting.com\/ofertas\/?page_id=34"},"modified":"2021-05-07T10:23:57","modified_gmt":"2021-05-07T09:23:57","slug":"why_zener","status":"publish","type":"page","link":"https:\/\/zenerconsulting.com\/ofertas\/index.php\/why_zener\/","title":{"rendered":"Por qu\u00e9 Zener"},"content":{"rendered":"<p style=\"text-align: justify;\">En\u00a0Zener\u00a0apostamos por el talento, y por ello tenemos los mejores recursos del mercado. Valoramos las capacidades y experiencias de cada uno de nuestros profesionales, que nos sirven como inspiraci\u00f3n y motivaci\u00f3n al resto del equipo para seguir creciendo. Nuestros profesionales trabajan en conjunto aportando sus conocimientos y capacidades, los cuales ponemos al servicio de los clientes para conjuntamente con ellos, entender sus expectativas, adaptarnos a sus necesidades ofreciendo soluciones de calidad, complementando sus recursos y como resultado, obteniendo resultados satisfactorios&#8230; En definitiva, nuestro \u00e9xito son nuestros profesionales.<\/p>\n<p style=\"text-align: justify;\">Invertimos continuamente en crear un entorno creativo en el que las personas con talento y cualificaci\u00f3n puedan permanecer y crecer con nosotros. Apostamos por iniciativas como el teletrabajo para que la conciliaci\u00f3n con tu vida personal sea una conciliaci\u00f3n real. En Zener te ofrecemos un futuro profesional sin l\u00edmites.<\/p>\n<p style=\"text-align: justify;\">Dentro de Zener, encontrar\u00e1s distintas iniciativas dentro de RRHH que te permitir\u00e1n orientar tu desarrollo en base a tus intereses y motivaciones personales y profesionales.<\/p>\n<p style=\"text-align: justify;\">\n<p style=\"text-align: justify;\"><strong>BIENVENIDA Y ACOGIDA:<\/strong> Te acompa\u00f1amos al inicio de tu incorporaci\u00f3n para que sepas que esperamos de ti y como conseguirlo.<\/p>\n<p style=\"text-align: justify;\"><strong>ASIGNACI\u00d3N DE PROYECTO:<\/strong> Consiste en la asignaci\u00f3n de los distintos profesionales a los diferentes proyectos en donde puedas dar lo mejor de ti fomentando la gesti\u00f3n de tu propia carrera.<\/p>\n<p style=\"text-align: justify;\"><strong>GESTI\u00d3N DE CARRERA:<\/strong> Desde Zener potenciamos tu crecimiento y la evoluci\u00f3n de tu talento y las nuevas oportunidades profesionales. Creemos que las personas sois lo m\u00e1s importante y por ello queremos ofrecerte un muy buen ambiente de trabajo, excelentes compa\u00f1eros, retos, crecimiento profesional y siempre que el proyecto lo permita\u2026apostamos por el teletrabajo.<\/p>\n<p style=\"text-align: justify;\">\u00a1Nos gustan los resultados y no las horas que empleas en desempe\u00f1arlo en la oficina!<\/p>\n","protected":false},"excerpt":{"rendered":"<p>En\u00a0Zener\u00a0apostamos por el talento, y por ello tenemos los mejores recursos del mercado. Valoramos las capacidades y experiencias de cada uno de nuestros profesionales, que nos sirven como inspiraci\u00f3n y motivaci\u00f3n al resto del equipo para seguir creciendo. Nuestros profesionales trabajan en conjunto aportando sus conocimientos y capacidades, los cuales ponemos al servicio de los [&hellip;]<\/p>\n","protected":false},"author":2,"featured_media":0,"parent":0,"menu_order":0,"comment_status":"closed","ping_status":"closed","template":"","meta":[],"_links":{"self":[{"href":"https:\/\/zenerconsulting.com\/ofertas\/index.php\/wp-json\/wp\/v2\/pages\/34"}],"collection":[{"href":"https:\/\/zenerconsulting.com\/ofertas\/index.php\/wp-json\/wp\/v2\/pages"}],"about":[{"href":"https:\/\/zenerconsulting.com\/ofertas\/index.php\/wp-json\/wp\/v2\/types\/page"}],"author":[{"embeddable":true,"href":"https:\/\/zenerconsulting.com\/ofertas\/index.php\/wp-json\/wp\/v2\/users\/2"}],"replies":[{"embeddable":true,"href":"https:\/\/zenerconsulting.com\/ofertas\/index.php\/wp-json\/wp\/v2\/comments?post=34"}],"version-history":[{"count":4,"href":"https:\/\/zenerconsulting.com\/ofertas\/index.php\/wp-json\/wp\/v2\/pages\/34\/revisions"}],"predecessor-version":[{"id":205,"href":"https:\/\/zenerconsulting.com\/ofertas\/index.php\/wp-json\/wp\/v2\/pages\/34\/revisions\/205"}],"wp:attachment":[{"href":"https:\/\/zenerconsulting.com\/ofertas\/index.php\/wp-json\/wp\/v2\/media?parent=34"}],"curies":[{"name":"wp","href":"https:\/\/api.w.org\/{rel}","templated":true}]}}